{"id":130,"date":"2025-09-30T13:49:00","date_gmt":"2025-09-30T11:49:00","guid":{"rendered":"https:\/\/www.avmediaproject.com\/AVMP-DB\/?page_id=130"},"modified":"2025-10-27T15:03:13","modified_gmt":"2025-10-27T14:03:13","slug":"datenschutzrichtlinie","status":"publish","type":"page","link":"https:\/\/www.avmediaproject.com\/AVMP-DB\/datenschutzrichtlinie\/","title":{"rendered":"Datenschutzrichtlinie"},"content":{"rendered":"\t\t<div data-elementor-type=\"wp-page\" data-elementor-id=\"130\" class=\"elementor elementor-130\">\n\t\t\t\t<div class=\"elementor-element elementor-element-93ff39b e-flex e-con-boxed e-con e-parent\" data-id=\"93ff39b\" data-element_type=\"container\" data-e-type=\"container\" data-settings=\"{&quot;background_background&quot;:&quot;classic&quot;}\">\n\t\t\t\t\t<div class=\"e-con-inner\">\n\t\t\t\t<div class=\"elementor-element elementor-element-312f0fb elementor-widget elementor-widget-text-editor\" data-id=\"312f0fb\" data-element_type=\"widget\" data-e-type=\"widget\" data-widget_type=\"text-editor.default\">\n\t\t\t\t\t\t\t\t\t<div class=\"elementor-element elementor-element-8e53cf1 elementor-widget elementor-widget-heading\" data-id=\"8e53cf1\" data-element_type=\"widget\" data-widget_type=\"heading.default\"><div class=\"elementor-widget-container\"><div class=\"elementor-element elementor-element-39e76da elementor-widget elementor-widget-heading\" data-id=\"39e76da\" data-element_type=\"widget\" data-widget_type=\"heading.default\"><div class=\"elementor-widget-container\"><div class=\"elementor-element elementor-element-39e76da elementor-widget elementor-widget-heading\" data-id=\"39e76da\" data-element_type=\"widget\" data-widget_type=\"heading.default\"><div class=\"elementor-widget-container\"><p>Datenschutz<\/p><p>Wir verarbeiten personenbezogene Daten (nachfolgend meist \u201eDaten\u201c) nur im erforderlichen Umfang sowie zum Zwecke der Bereitstellung einer funktionsf\u00e4higen und nutzerfreundlichen Website, inklusive ihrer Inhalte und der dort angebotenen Leistungen.<\/p><p>Gem\u00e4\u00df Artikel 4 Absatz 1 der Verordnung (EU) 2016\/679, der Datenschutz-Grundverordnung (nachfolgend \u201eDSGVO\u201c), bezeichnet \u201eVerarbeitung\u201c jeden mit oder ohne Hilfe automatisierter Verfahren ausgef\u00fchrten Vorgang oder jede solche Vorgangsreihe im Zusammenhang mit personenbezogenen Daten wie das Erheben, das Erfassen, die Organisation, das Ordnen, die Speicherung, die Anpassung oder Ver\u00e4nderung, das Auslesen, das Abfragen, die Verwendung, die Offenlegung durch \u00dcbermittlung, Verbreitung oder eine andere Form der Bereitstellung, den Abgleich oder die Verkn\u00fcpfung, die Einschr\u00e4nkung, das L\u00f6schen oder die Vernichtung.<\/p><p>Mit der nachfolgenden Datenschutzerkl\u00e4rung informieren wir Sie insbesondere \u00fcber Art, Umfang, Zweck, Dauer und Rechtsgrundlage der Verarbeitung personenbezogener Daten, soweit wir allein oder gemeinsam mit anderen \u00fcber die Zwecke und Mittel der Verarbeitung entscheiden. Dar\u00fcber hinaus informieren wir Sie nachfolgend \u00fcber die von uns zu Optimierungszwecken sowie zur Verbesserung der Nutzungsqualit\u00e4t eingesetzten Fremdkomponenten, soweit Dritte hierbei Daten in eigener Verantwortung verarbeiten.<\/p><p>Unsere Datenschutzerkl\u00e4rung ist wie folgt gegliedert:<\/p><p>I. Informationen \u00fcber uns als Verantwortliche<br \/>II. Rechte der Nutzer und Betroffenen<br \/>III. Informationen zur Datenverarbeitung<\/p><p><br \/>I. Informationen \u00fcber uns als Verantwortliche<\/p><p>Verantwortlicher Anbieter dieser Website im datenschutzrechtlichen Sinne ist:<\/p><p>AMADORS Event GmbH<br \/>Industriestra\u00dfe 6<br \/>A-2100 Korneuburg<\/p><p>Telefon: +43 (2262) 622 88<br \/>Mobil: +43 (0) 664 460 17 00<br \/>E-Mail: office@amadors.at<\/p><p>Der Datenschutzbeauftragte des Anbieters ist:<\/p><p>\u2014\u2013<\/p><p><br \/>II. Rechte der Nutzer und Betroffenen<\/p><p>In Bezug auf die nachfolgend n\u00e4her beschriebene Datenverarbeitung haben Nutzer und Betroffene das Recht<\/p><p>auf Best\u00e4tigung, ob sie betreffende Daten verarbeitet werden, auf Auskunft \u00fcber die verarbeiteten Daten, auf weitere Informationen \u00fcber die Datenverarbeitung sowie auf Kopien der Daten (siehe auch Art. 15 DSGVO);<br \/>auf Berichtigung oder Vervollst\u00e4ndigung unrichtiger oder unvollst\u00e4ndiger Daten (siehe auch Art. 16 DSGVO);<br \/>auf unverz\u00fcgliche L\u00f6schung der sie betreffenden Daten (siehe auch Art. 17 DSGVO), oder, alternativ, soweit eine weitere Verarbeitung gem\u00e4\u00df Art. 17 Abs. 3 DSGVO erforderlich ist, auf Einschr\u00e4nkung der Verarbeitung nach Ma\u00dfgabe von Art. 18 DSGVO;<br \/>auf Erhalt der sie betreffenden und von ihnen bereitgestellten Daten und auf \u00dcbermittlung dieser Daten an andere Anbieter\/Verantwortliche (siehe auch Art. 20 DSGVO);<br \/>auf Beschwerde bei der Aufsichtsbeh\u00f6rde, sofern sie der Ansicht sind, dass die sie betreffenden Daten durch den Anbieter unter Versto\u00df gegen datenschutzrechtliche Bestimmungen verarbeitet werden (siehe auch Art. 77 DSGVO).<\/p><p>Dar\u00fcber hinaus ist der Anbieter dazu verpflichtet, alle Empf\u00e4nger, denen Daten durch den Anbieter offengelegt wurden, \u00fcber jedwede Berichtigung oder L\u00f6schung von Daten oder eine Einschr\u00e4nkung der Verarbeitung aufgrund der Artikel 16, 17 Abs. 1 und 18 DSGVO zu unterrichten. Diese Verpflichtung besteht jedoch nicht, soweit diese Mitteilung unm\u00f6glich oder mit einem unverh\u00e4ltnism\u00e4\u00dfigen Aufwand verbunden ist. Unbeschadet dessen hat der Nutzer ein Recht auf Auskunft \u00fcber diese Empf\u00e4nger.<\/p><p>Nutzer und Betroffene haben nach Art. 21 DSGVO ebenfalls ein Widerspruchsrecht gegen die k\u00fcnftige Verarbeitung ihrer Daten, sofern die Daten durch den Anbieter auf Grundlage von Art. 6 Abs. 1 lit. f DSGVO verarbeitet werden. Insbesondere ist ein Widerspruch gegen die Datenverarbeitung f\u00fcr Zwecke der Direktwerbung zul\u00e4ssig.<\/p><p><br \/>III. Informationen zur Datenverarbeitung<\/p><p><br \/>Ihre im Rahmen Ihrer Nutzung unserer Website verarbeiteten Daten werden gel\u00f6scht oder gesperrt, sobald der Zweck der Speicherung entf\u00e4llt, der L\u00f6schung keine gesetzlichen Aufbewahrungspflichten entgegenstehen und nachfolgend keine anderslautenden Informationen zu einzelnen Verarbeitungsverfahren angegeben werden.<\/p><p><br \/>Cookies<\/p><p>a) Session-Cookies<\/p><p><br \/>Wir verwenden auf unserer Website Cookies. Cookies sind kleine Textdateien oder andere Speichertechnologien, die durch den von Ihnen verwendeten Internet-Browser auf Ihrem Endger\u00e4t abgelegt und gespeichert werden. Diese Cookies verarbeiten im individuellen Umfang bestimmte Informationen von Ihnen, wie beispielsweise Ihre Browser- oder Standortdaten oder Ihre IP-Adresse.<\/p><p>Diese Verarbeitung macht unsere Website nutzerfreundlicher, effektiver und sicherer, da sie beispielsweise die Anzeige unseres Internetauftritts in unterschiedlichen Sprachen oder die Bereitstellung einer Warenkorbfunktion erm\u00f6glicht.<\/p><p>Rechtsgrundlage dieser Verarbeitung ist Art. 6 Abs. 1 lit. b) DSGVO, sofern diese Cookies Daten zur Anbahnung oder Durchf\u00fchrung eines Vertrages verarbeiten.<\/p><p>Sofern die Verarbeitung nicht der Vertragsanbahnung oder Vertragserf\u00fcllung dient, liegt unser berechtigtes Interesse in der Verbesserung der Funktionalit\u00e4t unseres Internetauftritts. Rechtsgrundlage ist in diesem Fall Art. 6 Abs. 1 lit. f) DSGVO.<\/p><p>Wenn Sie Ihren Internet-Browser schlie\u00dfen, werden diese Session-Cookies gel\u00f6scht.<\/p><p>\u00a0<\/p><p>b) Cookies von Drittanbietern<\/p><p>Unsere Website kann auch Cookies von Partnerunternehmen verwenden, mit denen wir zu Werbe-, Analyse- oder Funktionalit\u00e4tszwecken unserer Website zusammenarbeiten.<\/p><p>Einzelheiten hierzu finden Sie insbesondere<\/p><\/div><\/div><\/div><\/div><\/div><\/div>\t\t\t\t\t\t\t\t<\/div>\n\t\t\t\t\t<\/div>\n\t\t\t\t<\/div>\n\t\t\t\t<\/div>\n\t\t","protected":false},"excerpt":{"rendered":"<p>Datenschutz Wir verarbeiten personenbezogene Daten (nachfolgend meist \u201eDaten\u201c) nur im erforderlichen Umfang sowie zum Zwecke der Bereitstellung einer funktionsf\u00e4higen und nutzerfreundlichen Website, [&hellip;]<\/p>\n","protected":false},"author":1,"featured_media":0,"parent":0,"menu_order":0,"comment_status":"closed","ping_status":"closed","template":"elementor_header_footer","meta":{"footnotes":""},"class_list":["post-130","page","type-page","status-publish","hentry"],"_links":{"self":[{"href":"https:\/\/www.avmediaproject.com\/AVMP-DB\/wp-json\/wp\/v2\/pages\/130","targetHints":{"allow":["GET"]}}],"collection":[{"href":"https:\/\/www.avmediaproject.com\/AVMP-DB\/wp-json\/wp\/v2\/pages"}],"about":[{"href":"https:\/\/www.avmediaproject.com\/AVMP-DB\/wp-json\/wp\/v2\/types\/page"}],"author":[{"embeddable":true,"href":"https:\/\/www.avmediaproject.com\/AVMP-DB\/wp-json\/wp\/v2\/users\/1"}],"replies":[{"embeddable":true,"href":"https:\/\/www.avmediaproject.com\/AVMP-DB\/wp-json\/wp\/v2\/comments?post=130"}],"version-history":[{"count":11,"href":"https:\/\/www.avmediaproject.com\/AVMP-DB\/wp-json\/wp\/v2\/pages\/130\/revisions"}],"predecessor-version":[{"id":969,"href":"https:\/\/www.avmediaproject.com\/AVMP-DB\/wp-json\/wp\/v2\/pages\/130\/revisions\/969"}],"wp:attachment":[{"href":"https:\/\/www.avmediaproject.com\/AVMP-DB\/wp-json\/wp\/v2\/media?parent=130"}],"curies":[{"name":"wp","href":"https:\/\/api.w.org\/{rel}","templated":true}]}}